{"id":3622,"date":"2019-12-09T18:56:16","date_gmt":"2019-12-09T18:56:16","guid":{"rendered":"http:\/\/cflr-fcrj.ca\/individual-applicants\/"},"modified":"2025-02-07T16:32:50","modified_gmt":"2025-02-07T16:32:50","slug":"individual-applicants","status":"publish","type":"page","link":"https:\/\/cflr-fcrj.ca\/fr\/financement\/bourses-de-recherche\/formulaire-de-demande\/individual-applicants\/","title":{"rendered":"Particulier"},"content":{"rendered":"<h1>Demande de subvention<\/h1>\n<h2>Particulier<\/h2>\n<h2>Instructions :<\/h2>\n<p>Veuillez remplir les sections suivantes\u00a0:<\/p>\n<ul>\n<li><strong>Si le candidat est un particulier<\/strong>\u00a0: Section 1A \u2013 renseignements sur le candidat<\/li>\n<li><strong>Si le candidat est une soci\u00e9t\u00e9 ou une association<\/strong> : Section 1B &#8211; renseignements sur la soci\u00e9t\u00e9 ou l\u2019association<\/li>\n<li><strong>Tous les candidats<\/strong>\u00a0:\n<ul>\n<li>Section 2 \u2013 information relative au projet<\/li>\n<li>Section 3 \u2013 pi\u00e8ces jointes<\/li>\n<\/ul>\n<\/li>\n<\/ul>\n<p>Veuillez vous assurer d\u2019inclure suffisamment de renseignements pour permettre au Comit\u00e9 de s\u00e9lection des subventions d\u2019\u00e9valuer \u00e9quitablement la candidature.<\/p>\n","protected":false},"excerpt":{"rendered":"<p>Demande de subvention Particulier Instructions : Veuillez remplir les sections suivantes\u00a0: Si le candidat est un particulier\u00a0: Section 1A \u2013 renseignements sur le candidat Si le candidat est une soci\u00e9t\u00e9 ou une association : Section 1B &#8211; renseignements sur la soci\u00e9t\u00e9 ou l\u2019association Tous les candidats\u00a0: Section 2 \u2013 information relative au projet Section 3 [&hellip;]<\/p>\n","protected":false},"author":1,"featured_media":0,"parent":3623,"menu_order":0,"comment_status":"closed","ping_status":"closed","template":"templates\/individual-applicants.php","meta":{"_acf_changed":false,"footnotes":""},"class_list":["post-3622","page","type-page","status-publish","hentry"],"acf":[],"_links":{"self":[{"href":"https:\/\/cflr-fcrj.ca\/fr\/wp-json\/wp\/v2\/pages\/3622","targetHints":{"allow":["GET"]}}],"collection":[{"href":"https:\/\/cflr-fcrj.ca\/fr\/wp-json\/wp\/v2\/pages"}],"about":[{"href":"https:\/\/cflr-fcrj.ca\/fr\/wp-json\/wp\/v2\/types\/page"}],"author":[{"embeddable":true,"href":"https:\/\/cflr-fcrj.ca\/fr\/wp-json\/wp\/v2\/users\/1"}],"replies":[{"embeddable":true,"href":"https:\/\/cflr-fcrj.ca\/fr\/wp-json\/wp\/v2\/comments?post=3622"}],"version-history":[{"count":2,"href":"https:\/\/cflr-fcrj.ca\/fr\/wp-json\/wp\/v2\/pages\/3622\/revisions"}],"predecessor-version":[{"id":4698,"href":"https:\/\/cflr-fcrj.ca\/fr\/wp-json\/wp\/v2\/pages\/3622\/revisions\/4698"}],"up":[{"embeddable":true,"href":"https:\/\/cflr-fcrj.ca\/fr\/wp-json\/wp\/v2\/pages\/3623"}],"wp:attachment":[{"href":"https:\/\/cflr-fcrj.ca\/fr\/wp-json\/wp\/v2\/media?parent=3622"}],"curies":[{"name":"wp","href":"https:\/\/api.w.org\/{rel}","templated":true}]}}